{"id":2,"date":"2025-08-28T10:45:55","date_gmt":"2025-08-28T02:45:55","guid":{"rendered":"https:\/\/www.taishicn.com\/?page_id=2"},"modified":"2025-09-26T09:53:21","modified_gmt":"2025-09-26T01:53:21","slug":"sobre-nos","status":"publish","type":"page","link":"https:\/\/taishicn.com\/pt\/sobre-nos\/","title":{"rendered":"Perfil"},"content":{"rendered":"<div data-elementor-type=\"wp-page\" data-elementor-id=\"2\" class=\"elementor elementor-2\" data-elementor-post-type=\"page\">\n\t\t\t\t<div class=\"elementor-element elementor-element-e3b52ae e-flex e-con-boxed e-con e-parent\" data-id=\"e3b52ae\" data-element_type=\"container\" data-settings=\"{&quot;background_background&quot;:&quot;classic&quot;}\">\n\t\t\t\t\t<div class=\"e-con-inner\">\n\t\t\t\t<div class=\"elementor-element elementor-element-da8b481 elementor-widget elementor-widget-text-editor\" data-id=\"da8b481\" data-element_type=\"widget\" data-widget_type=\"text-editor.default\">\n\t\t\t\t\t\t\t\t\t<p>P\u00e1gina inicial &gt; Sobre n\u00f3s &gt;\u00a0<\/p>\t\t\t\t\t\t\t\t<\/div>\n\t\t\t\t\t<\/div>\n\t\t\t\t<\/div>\n\t\t<div class=\"elementor-element elementor-element-3d29149 e-flex e-con-boxed e-con e-parent\" data-id=\"3d29149\" data-element_type=\"container\">\n\t\t\t\t\t<div class=\"e-con-inner\">\n\t\t<div class=\"elementor-element elementor-element-cbe537f e-con-full e-flex e-con e-child\" data-id=\"cbe537f\" data-element_type=\"container\">\n\t\t\t\t<div class=\"elementor-element elementor-element-74e1787 elementor-widget elementor-widget-heading\" data-id=\"74e1787\" data-element_type=\"widget\" data-widget_type=\"heading.default\">\n\t\t\t\t\t<h2 class=\"elementor-heading-title elementor-size-default\">Perfil da empresa<\/h2>\t\t\t\t<\/div>\n\t\t\t\t<div class=\"elementor-element elementor-element-d0df944 elementor-widget elementor-widget-text-editor\" data-id=\"d0df944\" data-element_type=\"widget\" data-widget_type=\"text-editor.default\">\n\t\t\t\t\t\t\t\t\t<p>Somos uma empresa tecnol\u00f3gica especializada na investiga\u00e7\u00e3o e fabrico de produtos de fibra de carbono de alta qualidade, com uma equipa t\u00e9cnica profissional de mais de 60 pessoas. Seguindo o conceito de \"artesanato de precis\u00e3o, impulsionado pela inova\u00e7\u00e3o\", estamos empenhados em fornecer aos clientes solu\u00e7\u00f5es de fibra de carbono leves e de alto desempenho. A empresa segue rigorosamente as normas internacionais e passou a certifica\u00e7\u00e3o do sistema IS09001:2015 (gest\u00e3o da qualidade) IS014001:2015 (gest\u00e3o ambiental) IATF 16949:2016 (gest\u00e3o da qualidade da ind\u00fastria autom\u00f3vel) para garantir a excelente qualidade do produto<\/p>\t\t\t\t\t\t\t\t<\/div>\n\t\t\t\t<\/div>\n\t\t<div class=\"elementor-element elementor-element-85b2c2e e-con-full e-flex e-con e-child\" data-id=\"85b2c2e\" data-element_type=\"container\">\n\t\t\t\t<div class=\"elementor-element elementor-element-4f4eb7d elementor-widget elementor-widget-image\" data-id=\"4f4eb7d\" data-element_type=\"widget\" data-widget_type=\"image.default\">\n\t\t\t\t\t\t\t\t\t\t\t\t\t\t\t<img fetchpriority=\"high\" decoding=\"async\" width=\"1000\" height=\"717\" src=\"https:\/\/i0.wp.com\/taishicn.com\/wp-content\/uploads\/2025\/09\/2025091810714620.jpg?fit=1000%2C717&amp;ssl=1\" class=\"attachment-full size-full wp-image-1353\" alt=\"\" srcset=\"https:\/\/i0.wp.com\/taishicn.com\/wp-content\/uploads\/2025\/09\/2025091810714620.jpg?w=1000&amp;ssl=1 1000w, https:\/\/i0.wp.com\/taishicn.com\/wp-content\/uploads\/2025\/09\/2025091810714620.jpg?resize=300%2C215&amp;ssl=1 300w, https:\/\/i0.wp.com\/taishicn.com\/wp-content\/uploads\/2025\/09\/2025091810714620.jpg?resize=768%2C551&amp;ssl=1 768w, https:\/\/i0.wp.com\/taishicn.com\/wp-content\/uploads\/2025\/09\/2025091810714620.jpg?resize=18%2C12&amp;ssl=1 18w\" sizes=\"(max-width: 1000px) 100vw, 1000px\" \/>\t\t\t\t\t\t\t\t\t\t\t\t\t\t\t<\/div>\n\t\t\t\t<\/div>\n\t\t\t\t\t<\/div>\n\t\t\t\t<\/div>\n\t\t<div class=\"elementor-element elementor-element-5f1d6e7 e-flex e-con-boxed e-con e-parent\" data-id=\"5f1d6e7\" data-element_type=\"container\">\n\t\t\t\t\t<div class=\"e-con-inner\">\n\t\t<div class=\"elementor-element elementor-element-07f82f7 e-con-full e-flex e-con e-child\" data-id=\"07f82f7\" data-element_type=\"container\">\n\t\t<div class=\"elementor-element elementor-element-88f5a92 e-con-full e-flex e-con e-child\" data-id=\"88f5a92\" data-element_type=\"container\">\n\t\t\t\t<div class=\"elementor-element elementor-element-bd93465 elementor-widget elementor-widget-counter\" data-id=\"bd93465\" data-element_type=\"widget\" data-widget_type=\"counter.default\">\n\t\t\t\t\t\t\t<div class=\"elementor-counter\">\n\t\t\t<div class=\"elementor-counter-title\">Equipa de conce\u00e7\u00e3o de I&amp;D<\/div>\t\t\t<div class=\"elementor-counter-number-wrapper\">\n\t\t\t\t<span class=\"elementor-counter-number-prefix\"><\/span>\n\t\t\t\t<span class=\"elementor-counter-number\" data-duration=\"2000\" data-to-value=\"12\" data-from-value=\"0\" data-delimiter=\",\">0<\/span>\n\t\t\t\t<span class=\"elementor-counter-number-suffix\">+<\/span>\n\t\t\t<\/div>\n\t\t<\/div>\n\t\t\t\t\t\t<\/div>\n\t\t\t\t<div class=\"elementor-element elementor-element-5a24b43 elementor-widget elementor-widget-counter\" data-id=\"5a24b43\" data-element_type=\"widget\" data-widget_type=\"counter.default\">\n\t\t\t\t\t\t\t<div class=\"elementor-counter\">\n\t\t\t<div class=\"elementor-counter-title\">Equipa de engenheiros de produ\u00e7\u00e3o<\/div>\t\t\t<div class=\"elementor-counter-number-wrapper\">\n\t\t\t\t<span class=\"elementor-counter-number-prefix\"><\/span>\n\t\t\t\t<span class=\"elementor-counter-number\" data-duration=\"2000\" data-to-value=\"24\" data-from-value=\"0\" data-delimiter=\",\">0<\/span>\n\t\t\t\t<span class=\"elementor-counter-number-suffix\">+<\/span>\n\t\t\t<\/div>\n\t\t<\/div>\n\t\t\t\t\t\t<\/div>\n\t\t\t\t<div class=\"elementor-element elementor-element-930bbfb elementor-widget elementor-widget-counter\" data-id=\"930bbfb\" data-element_type=\"widget\" data-widget_type=\"counter.default\">\n\t\t\t\t\t\t\t<div class=\"elementor-counter\">\n\t\t\t<div class=\"elementor-counter-title\">equipa de vendas<\/div>\t\t\t<div class=\"elementor-counter-number-wrapper\">\n\t\t\t\t<span class=\"elementor-counter-number-prefix\"><\/span>\n\t\t\t\t<span class=\"elementor-counter-number\" data-duration=\"2000\" data-to-value=\"14\" data-from-value=\"0\" data-delimiter=\",\">0<\/span>\n\t\t\t\t<span class=\"elementor-counter-number-suffix\">+<\/span>\n\t\t\t<\/div>\n\t\t<\/div>\n\t\t\t\t\t\t<\/div>\n\t\t\t\t<\/div>\n\t\t\t\t<div class=\"elementor-element elementor-element-399606e elementor-widget elementor-widget-text-editor\" data-id=\"399606e\" data-element_type=\"widget\" data-widget_type=\"text-editor.default\">\n\t\t\t\t\t\t\t\t\t<p>A empresa reuniu um grande n\u00famero de profissionais e pessoal t\u00e9cnico, bem como excelente pessoal de gest\u00e3o, incluindo uma equipa de design de investiga\u00e7\u00e3o e desenvolvimento de 12 pessoas, uma equipa de departamento de produ\u00e7\u00e3o de 24 engenheiros j\u00fanior e s\u00e9nior, e uma equipa de vendas de 14 pessoas. Baseando-se em excelentes capacidades de gest\u00e3o de projectos e num sistema completo de gest\u00e3o da qualidade, a empresa fornece servi\u00e7os eficientes e de alta qualidade aos seus clientes.<\/p>\t\t\t\t\t\t\t\t<\/div>\n\t\t\t\t<div class=\"elementor-element elementor-element-e656c40 elementor-widget elementor-widget-image\" data-id=\"e656c40\" data-element_type=\"widget\" data-widget_type=\"image.default\">\n\t\t\t\t\t\t\t\t\t\t\t\t\t\t\t<img decoding=\"async\" width=\"1000\" height=\"717\" src=\"https:\/\/i0.wp.com\/taishicn.com\/wp-content\/uploads\/2025\/09\/2025091895996330.jpg?fit=1000%2C717&amp;ssl=1\" class=\"attachment-full size-full wp-image-1355\" alt=\"\" srcset=\"https:\/\/i0.wp.com\/taishicn.com\/wp-content\/uploads\/2025\/09\/2025091895996330.jpg?w=1000&amp;ssl=1 1000w, https:\/\/i0.wp.com\/taishicn.com\/wp-content\/uploads\/2025\/09\/2025091895996330.jpg?resize=300%2C215&amp;ssl=1 300w, https:\/\/i0.wp.com\/taishicn.com\/wp-content\/uploads\/2025\/09\/2025091895996330.jpg?resize=768%2C551&amp;ssl=1 768w, https:\/\/i0.wp.com\/taishicn.com\/wp-content\/uploads\/2025\/09\/2025091895996330.jpg?resize=18%2C12&amp;ssl=1 18w\" sizes=\"(max-width: 1000px) 100vw, 1000px\" \/>\t\t\t\t\t\t\t\t\t\t\t\t\t\t\t<\/div>\n\t\t\t\t<\/div>\n\t\t<div class=\"elementor-element elementor-element-1facfe8 e-con-full e-flex e-con e-child\" data-id=\"1facfe8\" data-element_type=\"container\">\n\t\t\t\t<div class=\"elementor-element elementor-element-11dc7d1 elementor-widget elementor-widget-image\" data-id=\"11dc7d1\" data-element_type=\"widget\" data-widget_type=\"image.default\">\n\t\t\t\t\t\t\t\t\t\t\t\t\t\t\t<img decoding=\"async\" width=\"1000\" height=\"717\" src=\"https:\/\/i0.wp.com\/taishicn.com\/wp-content\/uploads\/2025\/09\/2025091836162987.jpg?fit=1000%2C717&amp;ssl=1\" class=\"attachment-full size-full wp-image-1354\" alt=\"\" srcset=\"https:\/\/i0.wp.com\/taishicn.com\/wp-content\/uploads\/2025\/09\/2025091836162987.jpg?w=1000&amp;ssl=1 1000w, https:\/\/i0.wp.com\/taishicn.com\/wp-content\/uploads\/2025\/09\/2025091836162987.jpg?resize=300%2C215&amp;ssl=1 300w, https:\/\/i0.wp.com\/taishicn.com\/wp-content\/uploads\/2025\/09\/2025091836162987.jpg?resize=768%2C551&amp;ssl=1 768w, https:\/\/i0.wp.com\/taishicn.com\/wp-content\/uploads\/2025\/09\/2025091836162987.jpg?resize=18%2C12&amp;ssl=1 18w\" sizes=\"(max-width: 1000px) 100vw, 1000px\" \/>\t\t\t\t\t\t\t\t\t\t\t\t\t\t\t<\/div>\n\t\t\t\t<div class=\"elementor-element elementor-element-6f8085f elementor-widget elementor-widget-text-editor\" data-id=\"6f8085f\" data-element_type=\"widget\" data-widget_type=\"text-editor.default\">\n\t\t\t\t\t\t\t\t\t<p>A empresa estabeleceu atualmente um sistema p\u00f3s-venda abrangente, esfor\u00e7ando-se por fornecer servi\u00e7os p\u00f3s-venda que excedam as expectativas dos clientes. Com excelentes membros da equipa e um foco no \"servi\u00e7o em primeiro lugar\", os t\u00e9cnicos profissionais t\u00eam sido capazes de responder aos problemas p\u00f3s-venda dos clientes globais no prazo de 2 horas e fornecer solu\u00e7\u00f5es correspondentes. Ao longo dos anos, eles ganharam a confian\u00e7a de um grande n\u00famero de clientes atrav\u00e9s de servi\u00e7os eficientes e precisos.<\/p><p>Continuaremos a aderir \u00e0 filosofia da empresa de \"produto em primeiro lugar, tecnologia em primeiro lugar, qualidade em primeiro lugar e servi\u00e7o em primeiro lugar\" e o princ\u00edpio de servi\u00e7o de \"criar maior valor para os clientes\", escrevendo constantemente novas lendas na ind\u00fastria de manuten\u00e7\u00e3o de fibra de carbono.<\/p>\t\t\t\t\t\t\t\t<\/div>\n\t\t\t\t<\/div>\n\t\t\t\t\t<\/div>\n\t\t\t\t<\/div>\n\t\t\t\t<\/div>","protected":false},"excerpt":{"rendered":"<p>Home &gt; About us &gt;\u00a0 Company Profile We are a technology enterprise specializing in the research and manufacturing of high-quality carbon fiber products, with a professional technical team of over 60 people. Adhering to the concept of &#8220;precision craftsmanship, innovation driven&#8221;, we are committed to providing customers with lightweight and high-performance carbon fiber solutions. The [&hellip;]<\/p>","protected":false},"author":1,"featured_media":0,"parent":0,"menu_order":0,"comment_status":"closed","ping_status":"closed","template":"","meta":{"footnotes":""},"class_list":["post-2","page","type-page","status-publish","hentry"],"yoast_head":"<!-- This site is optimized with the Yoast SEO Premium plugin v26.3 (Yoast SEO v26.5) - https:\/\/yoast.com\/wordpress\/plugins\/seo\/ -->\n<title>Profile - Taishi Technology: Lightweight Expert, New Frontier of Carbon Fiber _ Taishi Technology (Shenzhen) Co., Ltd<\/title>\n<meta name=\"robots\" content=\"index, follow, max-snippet:-1, max-image-preview:large, max-video-preview:-1\" \/>\n<link rel=\"canonical\" href=\"https:\/\/taishicn.com\/pt\/sobre-nos\/\" \/>\n<meta property=\"og:locale\" content=\"pt_PT\" \/>\n<meta property=\"og:type\" content=\"article\" \/>\n<meta property=\"og:title\" content=\"Profile\" \/>\n<meta property=\"og:description\" content=\"Home &gt; About us &gt;\u00a0 Company Profile We are a technology enterprise specializing in the research and manufacturing of high-quality carbon fiber products, with a professional technical team of over 60 people. Adhering to the concept of &#8220;precision craftsmanship, innovation driven&#8221;, we are committed to providing customers with lightweight and high-performance carbon fiber solutions. The [&hellip;]\" \/>\n<meta property=\"og:url\" content=\"https:\/\/taishicn.com\/pt\/sobre-nos\/\" \/>\n<meta property=\"og:site_name\" content=\"Taishi Technology: Lightweight Expert, New Frontier of Carbon Fiber _ Taishi Technology (Shenzhen) Co., Ltd\" \/>\n<meta property=\"article:modified_time\" content=\"2025-09-26T01:53:21+00:00\" \/>\n<meta property=\"og:image\" content=\"https:\/\/taishicn.com\/wp-content\/uploads\/2025\/09\/2025091810714620.jpg\" \/>\n<meta name=\"twitter:card\" content=\"summary_large_image\" \/>\n<meta name=\"twitter:label1\" content=\"Tempo estimado de leitura\" \/>\n\t<meta name=\"twitter:data1\" content=\"1 minuto\" \/>\n<script type=\"application\/ld+json\" class=\"yoast-schema-graph\">{\"@context\":\"https:\/\/schema.org\",\"@graph\":[{\"@type\":\"WebPage\",\"@id\":\"https:\/\/taishicn.com\/about-us\/\",\"url\":\"https:\/\/taishicn.com\/about-us\/\",\"name\":\"Profile - Taishi Technology: Lightweight Expert, New Frontier of Carbon Fiber _ Taishi Technology (Shenzhen) Co., Ltd\",\"isPartOf\":{\"@id\":\"https:\/\/taishicn.com\/fr\/#website\"},\"primaryImageOfPage\":{\"@id\":\"https:\/\/taishicn.com\/about-us\/#primaryimage\"},\"image\":{\"@id\":\"https:\/\/taishicn.com\/about-us\/#primaryimage\"},\"thumbnailUrl\":\"https:\/\/taishicn.com\/wp-content\/uploads\/2025\/09\/2025091810714620.jpg\",\"datePublished\":\"2025-08-28T02:45:55+00:00\",\"dateModified\":\"2025-09-26T01:53:21+00:00\",\"breadcrumb\":{\"@id\":\"https:\/\/taishicn.com\/about-us\/#breadcrumb\"},\"inLanguage\":\"pt-PT\",\"potentialAction\":[{\"@type\":\"ReadAction\",\"target\":[\"https:\/\/taishicn.com\/about-us\/\"]}]},{\"@type\":\"ImageObject\",\"inLanguage\":\"pt-PT\",\"@id\":\"https:\/\/taishicn.com\/about-us\/#primaryimage\",\"url\":\"https:\/\/taishicn.com\/wp-content\/uploads\/2025\/09\/2025091810714620.jpg\",\"contentUrl\":\"https:\/\/taishicn.com\/wp-content\/uploads\/2025\/09\/2025091810714620.jpg\"},{\"@type\":\"BreadcrumbList\",\"@id\":\"https:\/\/taishicn.com\/about-us\/#breadcrumb\",\"itemListElement\":[{\"@type\":\"ListItem\",\"position\":1,\"name\":\"Home\",\"item\":\"https:\/\/taishicn.com\/fr\/\"},{\"@type\":\"ListItem\",\"position\":2,\"name\":\"Profile\"}]},{\"@type\":\"WebSite\",\"@id\":\"https:\/\/taishicn.com\/fr\/#website\",\"url\":\"https:\/\/taishicn.com\/fr\/\",\"name\":\"Taishi Technology: Lightweight Expert, New Frontier of Carbon Fiber _ Taishi Technology (Shenzhen) Co., Ltd\",\"description\":\"\",\"publisher\":{\"@id\":\"https:\/\/taishicn.com\/fr\/#organization\"},\"potentialAction\":[{\"@type\":\"SearchAction\",\"target\":{\"@type\":\"EntryPoint\",\"urlTemplate\":\"https:\/\/taishicn.com\/fr\/?s={search_term_string}\"},\"query-input\":{\"@type\":\"PropertyValueSpecification\",\"valueRequired\":true,\"valueName\":\"search_term_string\"}}],\"inLanguage\":\"pt-PT\"},{\"@type\":\"Organization\",\"@id\":\"https:\/\/taishicn.com\/fr\/#organization\",\"name\":\"Taishi Technology: Lightweight Expert, New Frontier of Carbon Fiber _ Taishi Technology (Shenzhen) Co., Ltd\",\"url\":\"https:\/\/taishicn.com\/fr\/\",\"logo\":{\"@type\":\"ImageObject\",\"inLanguage\":\"pt-PT\",\"@id\":\"https:\/\/taishicn.com\/fr\/#\/schema\/logo\/image\/\",\"url\":\"https:\/\/i0.wp.com\/taishicn.com\/wp-content\/uploads\/2025\/08\/5345-scaled.png?fit=2560%2C984&ssl=1\",\"contentUrl\":\"https:\/\/i0.wp.com\/taishicn.com\/wp-content\/uploads\/2025\/08\/5345-scaled.png?fit=2560%2C984&ssl=1\",\"width\":2560,\"height\":984,\"caption\":\"Taishi Technology: Lightweight Expert, New Frontier of Carbon Fiber _ Taishi Technology (Shenzhen) Co., Ltd\"},\"image\":{\"@id\":\"https:\/\/taishicn.com\/fr\/#\/schema\/logo\/image\/\"}}]}<\/script>\n<!-- \/ Yoast SEO Premium plugin. -->","yoast_head_json":{"title":"Perfil - Taishi Technology: Especialista em peso leve, nova fronteira da fibra de carbono _ Taishi Technology (Shenzhen) Co., Ltd","robots":{"index":"index","follow":"follow","max-snippet":"max-snippet:-1","max-image-preview":"max-image-preview:large","max-video-preview":"max-video-preview:-1"},"canonical":"https:\/\/taishicn.com\/pt\/sobre-nos\/","og_locale":"pt_PT","og_type":"article","og_title":"Profile","og_description":"Home &gt; About us &gt;\u00a0 Company Profile We are a technology enterprise specializing in the research and manufacturing of high-quality carbon fiber products, with a professional technical team of over 60 people. Adhering to the concept of &#8220;precision craftsmanship, innovation driven&#8221;, we are committed to providing customers with lightweight and high-performance carbon fiber solutions. The [&hellip;]","og_url":"https:\/\/taishicn.com\/pt\/sobre-nos\/","og_site_name":"Taishi Technology: Lightweight Expert, New Frontier of Carbon Fiber _ Taishi Technology (Shenzhen) Co., Ltd","article_modified_time":"2025-09-26T01:53:21+00:00","og_image":[{"url":"https:\/\/taishicn.com\/wp-content\/uploads\/2025\/09\/2025091810714620.jpg","type":"","width":"","height":""}],"twitter_card":"summary_large_image","twitter_misc":{"Tempo estimado de leitura":"1 minuto"},"schema":{"@context":"https:\/\/schema.org","@graph":[{"@type":"WebPage","@id":"https:\/\/taishicn.com\/about-us\/","url":"https:\/\/taishicn.com\/about-us\/","name":"Perfil - Taishi Technology: Especialista em peso leve, nova fronteira da fibra de carbono _ Taishi Technology (Shenzhen) Co., Ltd","isPartOf":{"@id":"https:\/\/taishicn.com\/fr\/#website"},"primaryImageOfPage":{"@id":"https:\/\/taishicn.com\/about-us\/#primaryimage"},"image":{"@id":"https:\/\/taishicn.com\/about-us\/#primaryimage"},"thumbnailUrl":"https:\/\/taishicn.com\/wp-content\/uploads\/2025\/09\/2025091810714620.jpg","datePublished":"2025-08-28T02:45:55+00:00","dateModified":"2025-09-26T01:53:21+00:00","breadcrumb":{"@id":"https:\/\/taishicn.com\/about-us\/#breadcrumb"},"inLanguage":"pt-PT","potentialAction":[{"@type":"ReadAction","target":["https:\/\/taishicn.com\/about-us\/"]}]},{"@type":"ImageObject","inLanguage":"pt-PT","@id":"https:\/\/taishicn.com\/about-us\/#primaryimage","url":"https:\/\/taishicn.com\/wp-content\/uploads\/2025\/09\/2025091810714620.jpg","contentUrl":"https:\/\/taishicn.com\/wp-content\/uploads\/2025\/09\/2025091810714620.jpg"},{"@type":"BreadcrumbList","@id":"https:\/\/taishicn.com\/about-us\/#breadcrumb","itemListElement":[{"@type":"ListItem","position":1,"name":"Home","item":"https:\/\/taishicn.com\/fr\/"},{"@type":"ListItem","position":2,"name":"Profile"}]},{"@type":"WebSite","@id":"https:\/\/taishicn.com\/fr\/#website","url":"https:\/\/taishicn.com\/fr\/","name":"Taishi Technology: Especialista em peso leve, nova fronteira da fibra de carbono _ Taishi Technology (Shenzhen) Co., Ltd","description":"","publisher":{"@id":"https:\/\/taishicn.com\/fr\/#organization"},"potentialAction":[{"@type":"SearchAction","target":{"@type":"EntryPoint","urlTemplate":"https:\/\/taishicn.com\/fr\/?s={search_term_string}"},"query-input":{"@type":"PropertyValueSpecification","valueRequired":true,"valueName":"search_term_string"}}],"inLanguage":"pt-PT"},{"@type":"Organization","@id":"https:\/\/taishicn.com\/fr\/#organization","name":"Taishi Technology: Especialista em peso leve, nova fronteira da fibra de carbono _ Taishi Technology (Shenzhen) Co., Ltd","url":"https:\/\/taishicn.com\/fr\/","logo":{"@type":"ImageObject","inLanguage":"pt-PT","@id":"https:\/\/taishicn.com\/fr\/#\/schema\/logo\/image\/","url":"https:\/\/i0.wp.com\/taishicn.com\/wp-content\/uploads\/2025\/08\/5345-scaled.png?fit=2560%2C984&ssl=1","contentUrl":"https:\/\/i0.wp.com\/taishicn.com\/wp-content\/uploads\/2025\/08\/5345-scaled.png?fit=2560%2C984&ssl=1","width":2560,"height":984,"caption":"Taishi Technology: Lightweight Expert, New Frontier of Carbon Fiber _ Taishi Technology (Shenzhen) Co., Ltd"},"image":{"@id":"https:\/\/taishicn.com\/fr\/#\/schema\/logo\/image\/"}}]}},"_hostinger_reach_plugin_has_subscription_block":false,"_hostinger_reach_plugin_is_elementor":false,"jetpack_sharing_enabled":true,"_links":{"self":[{"href":"https:\/\/taishicn.com\/pt\/wp-json\/wp\/v2\/pages\/2","targetHints":{"allow":["GET"]}}],"collection":[{"href":"https:\/\/taishicn.com\/pt\/wp-json\/wp\/v2\/pages"}],"about":[{"href":"https:\/\/taishicn.com\/pt\/wp-json\/wp\/v2\/types\/page"}],"author":[{"embeddable":true,"href":"https:\/\/taishicn.com\/pt\/wp-json\/wp\/v2\/users\/1"}],"replies":[{"embeddable":true,"href":"https:\/\/taishicn.com\/pt\/wp-json\/wp\/v2\/comments?post=2"}],"version-history":[{"count":40,"href":"https:\/\/taishicn.com\/pt\/wp-json\/wp\/v2\/pages\/2\/revisions"}],"predecessor-version":[{"id":1361,"href":"https:\/\/taishicn.com\/pt\/wp-json\/wp\/v2\/pages\/2\/revisions\/1361"}],"wp:attachment":[{"href":"https:\/\/taishicn.com\/pt\/wp-json\/wp\/v2\/media?parent=2"}],"curies":[{"name":"wp","href":"https:\/\/api.w.org\/{rel}","templated":true}]}}