{"id":639,"date":"2025-08-28T21:33:11","date_gmt":"2025-08-28T13:33:11","guid":{"rendered":"https:\/\/ts202508281.aiyip.com\/?page_id=639"},"modified":"2025-08-28T21:47:42","modified_gmt":"2025-08-28T13:47:42","slug":"servico-personalizado","status":"publish","type":"page","link":"https:\/\/taishicn.com\/pt\/servico-personalizado\/","title":{"rendered":"servi\u00e7o personalizado"},"content":{"rendered":"<div data-elementor-type=\"wp-page\" data-elementor-id=\"639\" class=\"elementor elementor-639\" data-elementor-post-type=\"page\">\n\t\t\t\t<div class=\"elementor-element elementor-element-b144dff e-flex e-con-boxed e-con e-parent\" data-id=\"b144dff\" data-element_type=\"container\" data-settings=\"{&quot;background_background&quot;:&quot;classic&quot;}\">\n\t\t\t\t\t<div class=\"e-con-inner\">\n\t\t\t\t<div class=\"elementor-element elementor-element-86b121d elementor-widget elementor-widget-text-editor\" data-id=\"86b121d\" data-element_type=\"widget\" data-widget_type=\"text-editor.default\">\n\t\t\t\t\t\t\t\t\t<p>P\u00e1gina inicial &gt; Servi\u00e7o &gt;\u00a0<\/p>\t\t\t\t\t\t\t\t<\/div>\n\t\t\t\t\t<\/div>\n\t\t\t\t<\/div>\n\t\t<div class=\"elementor-element elementor-element-d1ce4ba e-flex e-con-boxed e-con e-parent\" data-id=\"d1ce4ba\" data-element_type=\"container\">\n\t\t\t\t\t<div class=\"e-con-inner\">\n\t\t\t\t<div class=\"elementor-element elementor-element-059c425 elementor-widget elementor-widget-heading\" data-id=\"059c425\" data-element_type=\"widget\" data-widget_type=\"heading.default\">\n\t\t\t\t\t<h2 class=\"elementor-heading-title elementor-size-default\">Servi\u00e7o de personaliza\u00e7\u00e3o de produtos em fibra de carbono<\/h2>\t\t\t\t<\/div>\n\t\t\t\t<div class=\"elementor-element elementor-element-607162f elementor-widget elementor-widget-heading\" data-id=\"607162f\" data-element_type=\"widget\" data-widget_type=\"heading.default\">\n\t\t\t\t\t<h2 class=\"elementor-heading-title elementor-size-default\">Design personalizado para atender \u00e0s suas necessidades exclusivas<\/h2>\t\t\t\t<\/div>\n\t\t\t\t<div class=\"elementor-element elementor-element-200e06b elementor-widget elementor-widget-text-editor\" data-id=\"200e06b\" data-element_type=\"widget\" data-widget_type=\"text-editor.default\">\n\t\t\t\t\t\t\t\t\t<p>Como uma f\u00e1brica de fabrico de fibra de carbono l\u00edder na China, fornecemos servi\u00e7os profissionais de personaliza\u00e7\u00e3o de produtos de fibra de carbono, empenhados em combinar na perfei\u00e7\u00e3o a sua criatividade com materiais de alto desempenho. Quer necessite de componentes em fibra de carbono leves, duradouros e esteticamente agrad\u00e1veis para a ind\u00fastria autom\u00f3vel, avia\u00e7\u00e3o, equipamento desportivo ou outras \u00e1reas, podemos criar uma solu\u00e7\u00e3o que satisfa\u00e7a as suas necessidades.<\/p>\t\t\t\t\t\t\t\t<\/div>\n\t\t\t\t<div class=\"elementor-element elementor-element-4f32033 elementor-widget elementor-widget-heading\" data-id=\"4f32033\" data-element_type=\"widget\" data-widget_type=\"heading.default\">\n\t\t\t\t\t<h2 class=\"elementor-heading-title elementor-size-default\">Porqu\u00ea escolher o nosso servi\u00e7o de personaliza\u00e7\u00e3o em fibra de carbono?<\/h2>\t\t\t\t<\/div>\n\t\t\t\t<div class=\"elementor-element elementor-element-58950be elementor-widget elementor-widget-text-editor\" data-id=\"58950be\" data-element_type=\"widget\" data-widget_type=\"text-editor.default\">\n\t\t\t\t\t\t\t\t\t<p>Excelente desempenho do material: S\u00e3o utilizados materiais de fibra de carbono de alta qualidade para garantir que o produto tem excelentes carater\u00edsticas de resist\u00eancia, rigidez e leveza.<\/p>\t\t\t\t\t\t\t\t<\/div>\n\t\t\t\t<div class=\"elementor-element elementor-element-61e1273 elementor-widget elementor-widget-heading\" data-id=\"61e1273\" data-element_type=\"widget\" data-widget_type=\"heading.default\">\n\t\t\t\t\t<h2 class=\"elementor-heading-title elementor-size-default\">Equipa profissional e capacidade de conce\u00e7\u00e3o<\/h2>\t\t\t\t<\/div>\n\t\t\t\t<div class=\"elementor-element elementor-element-db4b31f elementor-widget elementor-widget-text-editor\" data-id=\"db4b31f\" data-element_type=\"widget\" data-widget_type=\"text-editor.default\">\n\t\t\t\t\t\t\t\t\t<p>Equipa de design experiente: A nossa equipa de design \u00e9 composta por especialistas em ci\u00eancia dos materiais, engenharia mec\u00e2nica e design industrial, com mais de 10 anos de experi\u00eancia no desenvolvimento de produtos de fibra de carbono. <br \/>Capacidade de conce\u00e7\u00e3o inovadora: Proficiente na utiliza\u00e7\u00e3o de CAD, SolidWorks e ferramentas de an\u00e1lise de elementos finitos (FEA) para otimizar a estrutura do produto e garantir um equil\u00edbrio perfeito entre desempenho e est\u00e9tica. <br \/>Resposta e colabora\u00e7\u00e3o r\u00e1pidas: estabelecer uma liga\u00e7\u00e3o perfeita com os clientes, fornecer apoio total \u00e0 conce\u00e7\u00e3o do processo, desde os conceitos iniciais at\u00e9 aos produtos finais, assegurando que todos os pormenores satisfazem as suas necessidades. <br \/>Suporte t\u00e9cnico personalizado: Fornecer consultoria t\u00e9cnica profissional e solu\u00e7\u00f5es personalizadas para os requisitos especiais de diferentes ind\u00fastrias, como resist\u00eancia a altas temperaturas, resist\u00eancia \u00e0 corros\u00e3o ou tratamento de superf\u00edcie especial.<\/p>\t\t\t\t\t\t\t\t<\/div>\n\t\t\t\t<div class=\"elementor-element elementor-element-74c113d elementor-widget elementor-widget-heading\" data-id=\"74c113d\" data-element_type=\"widget\" data-widget_type=\"heading.default\">\n\t\t\t\t\t<h2 class=\"elementor-heading-title elementor-size-default\">processo de personaliza\u00e7\u00e3o<\/h2>\t\t\t\t<\/div>\n\t\t\t\t<div class=\"elementor-element elementor-element-a66ccd5 elementor-widget elementor-widget-text-editor\" data-id=\"a66ccd5\" data-element_type=\"widget\" data-widget_type=\"text-editor.default\">\n\t\t\t\t\t\t\t\t\t<p>Comunica\u00e7\u00e3o dos requisitos: Discuta os requisitos do seu projeto com a nossa equipa de design, incluindo o tamanho, a forma, os requisitos de desempenho e o or\u00e7amento. <br \/>Desenho de esquemas: Fornecemos esquemas de design detalhados e pr\u00e9-visualiza\u00e7\u00f5es de modelos 3D para garantir que as suas expectativas s\u00e3o satisfeitas. <br \/>Produ\u00e7\u00e3o de amostras: Crie rapidamente prot\u00f3tipos para os seus testes e valida\u00e7\u00e3o. <br \/>Produ\u00e7\u00e3o e fabrico: Ado\u00e7\u00e3o de tecnologia avan\u00e7ada para a produ\u00e7\u00e3o em massa, controlando rigorosamente cada processo. <br \/>Entrega e apoio: Assegurar a entrega atempada dos produtos e prestar apoio t\u00e9cnico subsequente.<\/p>\t\t\t\t\t\t\t\t<\/div>\n\t\t\t\t<div class=\"elementor-element elementor-element-a2f26eb elementor-widget elementor-widget-heading\" data-id=\"a2f26eb\" data-element_type=\"widget\" data-widget_type=\"heading.default\">\n\t\t\t\t\t<h2 class=\"elementor-heading-title elementor-size-default\">Casos de aplica\u00e7\u00e3o<\/h2>\t\t\t\t<\/div>\n\t\t\t\t<div class=\"elementor-element elementor-element-2ac3ae9 elementor-widget elementor-widget-text-editor\" data-id=\"2ac3ae9\" data-element_type=\"widget\" data-widget_type=\"text-editor.default\">\n\t\t\t\t\t\t\t\t\t<p>Ind\u00fastria autom\u00f3vel: Personalizar pain\u00e9is de carro\u00e7aria e pe\u00e7as interiores em fibra de carbono para melhorar o desempenho e o aspeto do ve\u00edculo. <br \/>Aeroespacial: Componentes estruturais leves que cumprem requisitos de elevada resist\u00eancia e resist\u00eancia \u00e0 corros\u00e3o. <br \/>Equipamento desportivo: Quadros de bicicleta personalizados, raquetes de t\u00e9nis, etc., para melhorar o desempenho desportivo. <br \/>Conce\u00e7\u00e3o industrial: componentes mec\u00e2nicos de alta precis\u00e3o para otimizar o desempenho do equipamento.<\/p>\t\t\t\t\t\t\t\t<\/div>\n\t\t\t\t<div class=\"elementor-element elementor-element-f71b69e elementor-widget elementor-widget-heading\" data-id=\"f71b69e\" data-element_type=\"widget\" data-widget_type=\"heading.default\">\n\t\t\t\t\t<h2 class=\"elementor-heading-title elementor-size-default\">Comece imediatamente a sua viagem personalizada<\/h2>\t\t\t\t<\/div>\n\t\t\t\t<div class=\"elementor-element elementor-element-ed3f9bb elementor-widget elementor-widget-text-editor\" data-id=\"ed3f9bb\" data-element_type=\"widget\" data-widget_type=\"text-editor.default\">\n\t\t\t\t\t\t\t\t\t<p>Quer esteja \u00e0 procura de um prot\u00f3tipo \u00fanico ou de produ\u00e7\u00e3o em massa, a nossa equipa de profissionais e as nossas fortes capacidades de fabrico proporcionar-lhe-\u00e3o uma solu\u00e7\u00e3o \u00fanica. Contacte-nos, partilhe as suas ideias e vamos trabalhar juntos para criar excelentes produtos de fibra de carbono!<br \/>Informa\u00e7\u00f5es de contacto<br \/>Correio eletr\u00f3nico: info@taishicn.com <br \/>Phone:+86-13825238091<br \/>S\u00edtio Web oficial: www.taishicn.com<\/p>\t\t\t\t\t\t\t\t<\/div>\n\t\t\t\t\t<\/div>\n\t\t\t\t<\/div>\n\t\t\t\t<\/div>","protected":false},"excerpt":{"rendered":"<p>Home &gt; Service &gt;\u00a0 Carbon fiber product customization service Personalized design to meet your unique needs As a leading carbon fiber manufacturing factory in China, we provide professional carbon fiber product customization services, committed to perfectly combining your creativity with high-performance materials. Whether you need lightweight, durable, and aesthetically pleasing carbon fiber components for automotive, [&hellip;]<\/p>","protected":false},"author":1,"featured_media":0,"parent":0,"menu_order":0,"comment_status":"closed","ping_status":"closed","template":"","meta":{"footnotes":""},"class_list":["post-639","page","type-page","status-publish","hentry"],"yoast_head":"<!-- This site is optimized with the Yoast SEO Premium plugin v26.3 (Yoast SEO v26.5) - https:\/\/yoast.com\/wordpress\/plugins\/seo\/ -->\n<title>customized service - Taishi Technology: Lightweight Expert, New Frontier of Carbon Fiber _ Taishi Technology (Shenzhen) Co., Ltd<\/title>\n<meta name=\"robots\" content=\"index, follow, max-snippet:-1, max-image-preview:large, max-video-preview:-1\" \/>\n<link rel=\"canonical\" href=\"https:\/\/taishicn.com\/pt\/servico-personalizado\/\" \/>\n<meta property=\"og:locale\" content=\"pt_PT\" \/>\n<meta property=\"og:type\" content=\"article\" \/>\n<meta property=\"og:title\" content=\"customized service\" \/>\n<meta property=\"og:description\" content=\"Home &gt; Service &gt;\u00a0 Carbon fiber product customization service Personalized design to meet your unique needs As a leading carbon fiber manufacturing factory in China, we provide professional carbon fiber product customization services, committed to perfectly combining your creativity with high-performance materials. Whether you need lightweight, durable, and aesthetically pleasing carbon fiber components for automotive, [&hellip;]\" \/>\n<meta property=\"og:url\" content=\"https:\/\/taishicn.com\/pt\/servico-personalizado\/\" \/>\n<meta property=\"og:site_name\" content=\"Taishi Technology: Lightweight Expert, New Frontier of Carbon Fiber _ Taishi Technology (Shenzhen) Co., Ltd\" \/>\n<meta property=\"article:modified_time\" content=\"2025-08-28T13:47:42+00:00\" \/>\n<meta name=\"twitter:card\" content=\"summary_large_image\" \/>\n<meta name=\"twitter:label1\" content=\"Tempo estimado de leitura\" \/>\n\t<meta name=\"twitter:data1\" content=\"2 minutos\" \/>\n<script type=\"application\/ld+json\" class=\"yoast-schema-graph\">{\"@context\":\"https:\/\/schema.org\",\"@graph\":[{\"@type\":\"WebPage\",\"@id\":\"https:\/\/taishicn.com\/customized-service\/\",\"url\":\"https:\/\/taishicn.com\/customized-service\/\",\"name\":\"customized service - Taishi Technology: Lightweight Expert, New Frontier of Carbon Fiber _ Taishi Technology (Shenzhen) Co., Ltd\",\"isPartOf\":{\"@id\":\"https:\/\/taishicn.com\/fr\/#website\"},\"datePublished\":\"2025-08-28T13:33:11+00:00\",\"dateModified\":\"2025-08-28T13:47:42+00:00\",\"breadcrumb\":{\"@id\":\"https:\/\/taishicn.com\/customized-service\/#breadcrumb\"},\"inLanguage\":\"pt-PT\",\"potentialAction\":[{\"@type\":\"ReadAction\",\"target\":[\"https:\/\/taishicn.com\/customized-service\/\"]}]},{\"@type\":\"BreadcrumbList\",\"@id\":\"https:\/\/taishicn.com\/customized-service\/#breadcrumb\",\"itemListElement\":[{\"@type\":\"ListItem\",\"position\":1,\"name\":\"Home\",\"item\":\"https:\/\/taishicn.com\/fr\/\"},{\"@type\":\"ListItem\",\"position\":2,\"name\":\"customized service\"}]},{\"@type\":\"WebSite\",\"@id\":\"https:\/\/taishicn.com\/fr\/#website\",\"url\":\"https:\/\/taishicn.com\/fr\/\",\"name\":\"Taishi Technology: Lightweight Expert, New Frontier of Carbon Fiber _ Taishi Technology (Shenzhen) Co., Ltd\",\"description\":\"\",\"publisher\":{\"@id\":\"https:\/\/taishicn.com\/fr\/#organization\"},\"potentialAction\":[{\"@type\":\"SearchAction\",\"target\":{\"@type\":\"EntryPoint\",\"urlTemplate\":\"https:\/\/taishicn.com\/fr\/?s={search_term_string}\"},\"query-input\":{\"@type\":\"PropertyValueSpecification\",\"valueRequired\":true,\"valueName\":\"search_term_string\"}}],\"inLanguage\":\"pt-PT\"},{\"@type\":\"Organization\",\"@id\":\"https:\/\/taishicn.com\/fr\/#organization\",\"name\":\"Taishi Technology: Lightweight Expert, New Frontier of Carbon Fiber _ Taishi Technology (Shenzhen) Co., Ltd\",\"url\":\"https:\/\/taishicn.com\/fr\/\",\"logo\":{\"@type\":\"ImageObject\",\"inLanguage\":\"pt-PT\",\"@id\":\"https:\/\/taishicn.com\/fr\/#\/schema\/logo\/image\/\",\"url\":\"https:\/\/i0.wp.com\/taishicn.com\/wp-content\/uploads\/2025\/08\/5345-scaled.png?fit=2560%2C984&ssl=1\",\"contentUrl\":\"https:\/\/i0.wp.com\/taishicn.com\/wp-content\/uploads\/2025\/08\/5345-scaled.png?fit=2560%2C984&ssl=1\",\"width\":2560,\"height\":984,\"caption\":\"Taishi Technology: Lightweight Expert, New Frontier of Carbon Fiber _ Taishi Technology (Shenzhen) Co., Ltd\"},\"image\":{\"@id\":\"https:\/\/taishicn.com\/fr\/#\/schema\/logo\/image\/\"}}]}<\/script>\n<!-- \/ Yoast SEO Premium plugin. -->","yoast_head_json":{"title":"customized service - Taishi Technology: Lightweight Expert, New Frontier of Carbon Fiber _ Taishi Technology (Shenzhen) Co., Ltd","robots":{"index":"index","follow":"follow","max-snippet":"max-snippet:-1","max-image-preview":"max-image-preview:large","max-video-preview":"max-video-preview:-1"},"canonical":"https:\/\/taishicn.com\/pt\/servico-personalizado\/","og_locale":"pt_PT","og_type":"article","og_title":"customized service","og_description":"Home &gt; Service &gt;\u00a0 Carbon fiber product customization service Personalized design to meet your unique needs As a leading carbon fiber manufacturing factory in China, we provide professional carbon fiber product customization services, committed to perfectly combining your creativity with high-performance materials. Whether you need lightweight, durable, and aesthetically pleasing carbon fiber components for automotive, [&hellip;]","og_url":"https:\/\/taishicn.com\/pt\/servico-personalizado\/","og_site_name":"Taishi Technology: Lightweight Expert, New Frontier of Carbon Fiber _ Taishi Technology (Shenzhen) Co., Ltd","article_modified_time":"2025-08-28T13:47:42+00:00","twitter_card":"summary_large_image","twitter_misc":{"Tempo estimado de leitura":"2 minutos"},"schema":{"@context":"https:\/\/schema.org","@graph":[{"@type":"WebPage","@id":"https:\/\/taishicn.com\/customized-service\/","url":"https:\/\/taishicn.com\/customized-service\/","name":"customized service - Taishi Technology: Lightweight Expert, New Frontier of Carbon Fiber _ Taishi Technology (Shenzhen) Co., Ltd","isPartOf":{"@id":"https:\/\/taishicn.com\/fr\/#website"},"datePublished":"2025-08-28T13:33:11+00:00","dateModified":"2025-08-28T13:47:42+00:00","breadcrumb":{"@id":"https:\/\/taishicn.com\/customized-service\/#breadcrumb"},"inLanguage":"pt-PT","potentialAction":[{"@type":"ReadAction","target":["https:\/\/taishicn.com\/customized-service\/"]}]},{"@type":"BreadcrumbList","@id":"https:\/\/taishicn.com\/customized-service\/#breadcrumb","itemListElement":[{"@type":"ListItem","position":1,"name":"Home","item":"https:\/\/taishicn.com\/fr\/"},{"@type":"ListItem","position":2,"name":"customized service"}]},{"@type":"WebSite","@id":"https:\/\/taishicn.com\/fr\/#website","url":"https:\/\/taishicn.com\/fr\/","name":"Taishi Technology: Especialista em peso leve, nova fronteira da fibra de carbono _ Taishi Technology (Shenzhen) Co., Ltd","description":"","publisher":{"@id":"https:\/\/taishicn.com\/fr\/#organization"},"potentialAction":[{"@type":"SearchAction","target":{"@type":"EntryPoint","urlTemplate":"https:\/\/taishicn.com\/fr\/?s={search_term_string}"},"query-input":{"@type":"PropertyValueSpecification","valueRequired":true,"valueName":"search_term_string"}}],"inLanguage":"pt-PT"},{"@type":"Organization","@id":"https:\/\/taishicn.com\/fr\/#organization","name":"Taishi Technology: Especialista em peso leve, nova fronteira da fibra de carbono _ Taishi Technology (Shenzhen) Co., Ltd","url":"https:\/\/taishicn.com\/fr\/","logo":{"@type":"ImageObject","inLanguage":"pt-PT","@id":"https:\/\/taishicn.com\/fr\/#\/schema\/logo\/image\/","url":"https:\/\/i0.wp.com\/taishicn.com\/wp-content\/uploads\/2025\/08\/5345-scaled.png?fit=2560%2C984&ssl=1","contentUrl":"https:\/\/i0.wp.com\/taishicn.com\/wp-content\/uploads\/2025\/08\/5345-scaled.png?fit=2560%2C984&ssl=1","width":2560,"height":984,"caption":"Taishi Technology: Lightweight Expert, New Frontier of Carbon Fiber _ Taishi Technology (Shenzhen) Co., Ltd"},"image":{"@id":"https:\/\/taishicn.com\/fr\/#\/schema\/logo\/image\/"}}]}},"_hostinger_reach_plugin_has_subscription_block":false,"_hostinger_reach_plugin_is_elementor":false,"jetpack_sharing_enabled":true,"_links":{"self":[{"href":"https:\/\/taishicn.com\/pt\/wp-json\/wp\/v2\/pages\/639","targetHints":{"allow":["GET"]}}],"collection":[{"href":"https:\/\/taishicn.com\/pt\/wp-json\/wp\/v2\/pages"}],"about":[{"href":"https:\/\/taishicn.com\/pt\/wp-json\/wp\/v2\/types\/page"}],"author":[{"embeddable":true,"href":"https:\/\/taishicn.com\/pt\/wp-json\/wp\/v2\/users\/1"}],"replies":[{"embeddable":true,"href":"https:\/\/taishicn.com\/pt\/wp-json\/wp\/v2\/comments?post=639"}],"version-history":[{"count":1,"href":"https:\/\/taishicn.com\/pt\/wp-json\/wp\/v2\/pages\/639\/revisions"}],"predecessor-version":[{"id":738,"href":"https:\/\/taishicn.com\/pt\/wp-json\/wp\/v2\/pages\/639\/revisions\/738"}],"wp:attachment":[{"href":"https:\/\/taishicn.com\/pt\/wp-json\/wp\/v2\/media?parent=639"}],"curies":[{"name":"wp","href":"https:\/\/api.w.org\/{rel}","templated":true}]}}